{"id":12,"date":"2021-12-23T10:23:58","date_gmt":"2021-12-23T10:23:58","guid":{"rendered":"https:\/\/demosites.royal-elementor-addons.com\/nature-v1\/?page_id=12"},"modified":"2024-10-03T20:03:06","modified_gmt":"2024-10-03T20:03:06","slug":"home-nature-v1","status":"publish","type":"page","link":"https:\/\/www.biotyre-europe.com\/en\/","title":{"rendered":"Home"},"content":{"rendered":"<div data-elementor-type=\"wp-page\" data-elementor-id=\"12\" class=\"elementor elementor-12\" data-elementor-post-type=\"page\">\n\t\t\t\t\t\t<section class=\"elementor-section elementor-top-section elementor-element elementor-element-edff081 elementor-section-full_width elementor-section-height-default elementor-section-height-default wpr-particle-no wpr-jarallax-no wpr-parallax-no wpr-sticky-section-no\" data-id=\"edff081\" data-element_type=\"section\" data-e-type=\"section\">\n\t\t\t\t\t\t<div class=\"elementor-container elementor-column-gap-no\">\n\t\t\t\t\t<div class=\"elementor-column elementor-col-100 elementor-top-column elementor-element elementor-element-64bb147\" data-id=\"64bb147\" data-element_type=\"column\" data-e-type=\"column\">\n\t\t\t<div class=\"elementor-widget-wrap elementor-element-populated\">\n\t\t\t\t\t\t<div class=\"elementor-element elementor-element-639fba2 wpr-adv-slider-columns-1 wpr-adv-slider-columns--tablet1 wpr-adv-slider-columns--mobile1 wpr-adv-slides-to-scroll-1 wpr-slider-dots-horizontal elementor-widget elementor-widget-wpr-advanced-slider\" data-id=\"639fba2\" data-element_type=\"widget\" data-e-type=\"widget\" data-settings=\"{&quot;slider_amount&quot;:1,&quot;slider_amount_tablet&quot;:1,&quot;slider_amount_mobile&quot;:1,&quot;slides_to_scroll&quot;:1,&quot;slider_loop&quot;:&quot;yes&quot;,&quot;slider_hide_video_content&quot;:&quot;yes&quot;,&quot;slider_video_btn_size&quot;:&quot;medium&quot;}\" data-widget_type=\"wpr-advanced-slider.default\">\n\t\t\t\t<div class=\"elementor-widget-container\">\n\t\t\t\t\t\n\t\t<!-- Advanced Slider -->\n\t\t<div class=\"wpr-advanced-slider-wrap\">\n\t\t\t\n\t\t\t<div class=\"wpr-advanced-slider\" dir=\"ltr\" data-slick=\"{&quot;rtl&quot;:false,&quot;infinite&quot;:true,&quot;speed&quot;:900,&quot;arrows&quot;:true,&quot;dots&quot;:true,&quot;autoplay&quot;:false,&quot;autoplaySpeed&quot;:1000,&quot;pauseOnHover&quot;:&quot;&quot;,&quot;prevArrow&quot;:&quot;#wpr-slider-prev-639fba2&quot;,&quot;nextArrow&quot;:&quot;#wpr-slider-next-639fba2&quot;,&quot;vertical&quot;:false,&quot;adaptiveHeight&quot;:true}\" data-hide-video-content=\"yes\" data-video-btn-size=\"{&quot;widescreen&quot;:&quot;medium&quot;,&quot;desktop&quot;:&quot;medium&quot;,&quot;laptop&quot;:&quot;medium&quot;,&quot;tablet_extra&quot;:&quot;medium&quot;,&quot;tablet&quot;:&quot;medium&quot;,&quot;mobile_extra&quot;:&quot;medium&quot;,&quot;mobile&quot;:&quot;medium&quot;}\" data-slide-effect=\"slide\">\n\t\t\t\t<div class=\"wpr-slider-item elementor-repeater-item-5a4054b\"><div class=\"wpr-slider-item-bg\" style=\"background-image: url(https:\/\/www.biotyre-europe.com\/wp-content\/uploads\/2024\/10\/wp4722458-bridgestone-wallpapers.jpg)\"><\/div><div class=\"wpr-slider-item-overlay\"><\/div><div class=\"wpr-cv-container\"><div class=\"wpr-cv-outer\"><div class=\"wpr-cv-inner\"><div class=\"wpr-slider-content\"><div class=\"wpr-slider-title\"><h2>Welcome to BioTyre<\/h2><\/div><div class=\"wpr-slider-sub-title\"><h3>Specialist in Tyres and Automotive Solutions<\/h3><\/div><div class=\"wpr-slider-btns\"><\/div><\/div><\/div><\/div><\/div><\/div>\t\t\t<\/div>\n\t\t\t<div class=\"wpr-slider-controls\">\n\t\t\t\t<div class=\"wpr-slider-dots\"><\/div>\n\t\t\t<\/div>\n\n\t\t\t<div class=\"wpr-slider-arrow-container\">\n\t\t\t\t<div class=\"wpr-slider-prev-arrow wpr-slider-arrow\" id=\"wpr-slider-prev-639fba2\">\n\t\t\t\t\t<svg version=\"1.1\" xmlns=\"http:\/\/www.w3.org\/2000\/svg\" xmlns:xlink=\"http:\/\/www.w3.org\/1999\/xlink\" x=\"0px\" y=\"0px\" viewbox=\"0 0 283.4 512\" style=\"enable-background:new 0 0 283.4 512;\" xml:space=\"preserve\"><g><polygon class=\"st0\" points=\"54.5,256.3 283.4,485.1 256.1,512.5 0,256.3 0,256.3 27.2,229 256.1,0 283.4,27.4 \"\/><\/g><\/svg>\t\t\t\t<\/div>\n\t\t\t\t<div class=\"wpr-slider-next-arrow wpr-slider-arrow\" id=\"wpr-slider-next-639fba2\">\n\t\t\t\t\t<svg version=\"1.1\" xmlns=\"http:\/\/www.w3.org\/2000\/svg\" xmlns:xlink=\"http:\/\/www.w3.org\/1999\/xlink\" x=\"0px\" y=\"0px\" viewbox=\"0 0 283.4 512\" style=\"enable-background:new 0 0 283.4 512;\" xml:space=\"preserve\"><g><polygon class=\"st0\" points=\"54.5,256.3 283.4,485.1 256.1,512.5 0,256.3 0,256.3 27.2,229 256.1,0 283.4,27.4 \"\/><\/g><\/svg>\t\t\t\t<\/div>\n\t\t\t<\/div>\n\t\t\t\n\t\t\t\n\t\t<\/div>\n\t\t\t\t\t\t<\/div>\n\t\t\t\t<\/div>\n\t\t\t\t\t<\/div>\n\t\t<\/div>\n\t\t\t\t\t<\/div>\n\t\t<\/section>\n\t\t\t\t<section class=\"elementor-section elementor-top-section elementor-element elementor-element-a0b2d0f elementor-section-boxed elementor-section-height-default elementor-section-height-default wpr-particle-no wpr-jarallax-no wpr-parallax-no wpr-sticky-section-no\" data-id=\"a0b2d0f\" data-element_type=\"section\" data-e-type=\"section\" data-settings=\"{&quot;background_background&quot;:&quot;classic&quot;}\">\n\t\t\t\t\t\t<div class=\"elementor-container elementor-column-gap-default\">\n\t\t\t\t\t<div class=\"elementor-column elementor-col-33 elementor-top-column elementor-element elementor-element-7b07e6f\" data-id=\"7b07e6f\" data-element_type=\"column\" data-e-type=\"column\">\n\t\t\t<div class=\"elementor-widget-wrap elementor-element-populated\">\n\t\t\t\t\t\t<div class=\"elementor-element elementor-element-84abcc9 elementor-widget elementor-widget-heading\" data-id=\"84abcc9\" data-element_type=\"widget\" data-e-type=\"widget\" data-widget_type=\"heading.default\">\n\t\t\t\t<div class=\"elementor-widget-container\">\n\t\t\t\t\t<h2 class=\"elementor-heading-title elementor-size-default\">Our Services<\/h2>\t\t\t\t<\/div>\n\t\t\t\t<\/div>\n\t\t\t\t<div class=\"elementor-element elementor-element-a28ab1c elementor-widget-divider--view-line elementor-widget elementor-widget-divider\" data-id=\"a28ab1c\" data-element_type=\"widget\" data-e-type=\"widget\" data-widget_type=\"divider.default\">\n\t\t\t\t<div class=\"elementor-widget-container\">\n\t\t\t\t\t\t\t<div class=\"elementor-divider\">\n\t\t\t<span class=\"elementor-divider-separator\">\n\t\t\t\t\t\t<\/span>\n\t\t<\/div>\n\t\t\t\t\t\t<\/div>\n\t\t\t\t<\/div>\n\t\t\t\t<div class=\"elementor-element elementor-element-1d36b69 elementor-widget elementor-widget-text-editor\" data-id=\"1d36b69\" data-element_type=\"widget\" data-e-type=\"widget\" data-widget_type=\"text-editor.default\">\n\t\t\t\t<div class=\"elementor-widget-container\">\n\t\t\t\t\t\t\t\t\t<p>At <strong>Biotyre<\/strong>we are dedicated to providing the highest quality products and services in the field of tyres. With years of experience in the import, export, purchase and sale of new and used tyres, we have become a benchmark in the sector. We specialize in the distribution, repair, installation and assembly of tyres for all types of vehicles, ensuring that each of our customers receives the best product and service tailored to their needs.<\/p>\t\t\t\t\t\t\t\t<\/div>\n\t\t\t\t<\/div>\n\t\t\t\t\t<\/div>\n\t\t<\/div>\n\t\t\t\t<div class=\"elementor-column elementor-col-33 elementor-top-column elementor-element elementor-element-175733a\" data-id=\"175733a\" data-element_type=\"column\" data-e-type=\"column\">\n\t\t\t<div class=\"elementor-widget-wrap elementor-element-populated\">\n\t\t\t\t\t\t<div class=\"elementor-element elementor-element-87ecca7 elementor-widget elementor-widget-image\" data-id=\"87ecca7\" data-element_type=\"widget\" data-e-type=\"widget\" data-widget_type=\"image.default\">\n\t\t\t\t<div class=\"elementor-widget-container\">\n\t\t\t\t\t\t\t\t\t\t\t\t\t\t\t<img fetchpriority=\"high\" decoding=\"async\" width=\"960\" height=\"720\" src=\"https:\/\/www.biotyre-europe.com\/wp-content\/uploads\/2024\/10\/wp2099628-tire-wallpapers-1024x768.jpg\" class=\"attachment-large size-large wp-image-825\" alt=\"\" srcset=\"https:\/\/www.biotyre-europe.com\/wp-content\/uploads\/2024\/10\/wp2099628-tire-wallpapers-1024x768.jpg 1024w, https:\/\/www.biotyre-europe.com\/wp-content\/uploads\/2024\/10\/wp2099628-tire-wallpapers-300x225.jpg 300w, https:\/\/www.biotyre-europe.com\/wp-content\/uploads\/2024\/10\/wp2099628-tire-wallpapers-768x576.jpg 768w, https:\/\/www.biotyre-europe.com\/wp-content\/uploads\/2024\/10\/wp2099628-tire-wallpapers-1536x1152.jpg 1536w, https:\/\/www.biotyre-europe.com\/wp-content\/uploads\/2024\/10\/wp2099628-tire-wallpapers.jpg 1600w\" sizes=\"(max-width: 960px) 100vw, 960px\" \/>\t\t\t\t\t\t\t\t\t\t\t\t\t\t\t<\/div>\n\t\t\t\t<\/div>\n\t\t\t\t<div class=\"elementor-element elementor-element-f5b4401 elementor-widget elementor-widget-image\" data-id=\"f5b4401\" data-element_type=\"widget\" data-e-type=\"widget\" data-widget_type=\"image.default\">\n\t\t\t\t<div class=\"elementor-widget-container\">\n\t\t\t\t\t\t\t\t\t\t\t\t\t\t\t<img decoding=\"async\" width=\"960\" height=\"540\" src=\"https:\/\/www.biotyre-europe.com\/wp-content\/uploads\/2024\/10\/wp10980970-goodyear-wallpapers-1024x576.png\" class=\"attachment-large size-large wp-image-828\" alt=\"\" srcset=\"https:\/\/www.biotyre-europe.com\/wp-content\/uploads\/2024\/10\/wp10980970-goodyear-wallpapers-1024x576.png 1024w, https:\/\/www.biotyre-europe.com\/wp-content\/uploads\/2024\/10\/wp10980970-goodyear-wallpapers-300x169.png 300w, https:\/\/www.biotyre-europe.com\/wp-content\/uploads\/2024\/10\/wp10980970-goodyear-wallpapers-768x432.png 768w, https:\/\/www.biotyre-europe.com\/wp-content\/uploads\/2024\/10\/wp10980970-goodyear-wallpapers-1536x864.png 1536w, https:\/\/www.biotyre-europe.com\/wp-content\/uploads\/2024\/10\/wp10980970-goodyear-wallpapers.png 1920w\" sizes=\"(max-width: 960px) 100vw, 960px\" \/>\t\t\t\t\t\t\t\t\t\t\t\t\t\t\t<\/div>\n\t\t\t\t<\/div>\n\t\t\t\t\t<\/div>\n\t\t<\/div>\n\t\t\t\t<div class=\"elementor-column elementor-col-33 elementor-top-column elementor-element elementor-element-7cb8491\" data-id=\"7cb8491\" data-element_type=\"column\" data-e-type=\"column\">\n\t\t\t<div class=\"elementor-widget-wrap elementor-element-populated\">\n\t\t\t\t\t\t<div class=\"elementor-element elementor-element-7b44400 elementor-widget elementor-widget-image\" data-id=\"7b44400\" data-element_type=\"widget\" data-e-type=\"widget\" data-widget_type=\"image.default\">\n\t\t\t\t<div class=\"elementor-widget-container\">\n\t\t\t\t\t\t\t\t\t\t\t\t\t\t\t<img decoding=\"async\" width=\"960\" height=\"540\" src=\"https:\/\/www.biotyre-europe.com\/wp-content\/uploads\/2024\/10\/wp3766139-michelin-wallpapers-1024x576.jpg\" class=\"attachment-large size-large wp-image-827\" alt=\"\" srcset=\"https:\/\/www.biotyre-europe.com\/wp-content\/uploads\/2024\/10\/wp3766139-michelin-wallpapers-1024x576.jpg 1024w, https:\/\/www.biotyre-europe.com\/wp-content\/uploads\/2024\/10\/wp3766139-michelin-wallpapers-300x169.jpg 300w, https:\/\/www.biotyre-europe.com\/wp-content\/uploads\/2024\/10\/wp3766139-michelin-wallpapers-768x432.jpg 768w, https:\/\/www.biotyre-europe.com\/wp-content\/uploads\/2024\/10\/wp3766139-michelin-wallpapers-1536x864.jpg 1536w, https:\/\/www.biotyre-europe.com\/wp-content\/uploads\/2024\/10\/wp3766139-michelin-wallpapers-2048x1152.jpg 2048w\" sizes=\"(max-width: 960px) 100vw, 960px\" \/>\t\t\t\t\t\t\t\t\t\t\t\t\t\t\t<\/div>\n\t\t\t\t<\/div>\n\t\t\t\t<div class=\"elementor-element elementor-element-9bba393 elementor-widget elementor-widget-image\" data-id=\"9bba393\" data-element_type=\"widget\" data-e-type=\"widget\" data-widget_type=\"image.default\">\n\t\t\t\t<div class=\"elementor-widget-container\">\n\t\t\t\t\t\t\t\t\t\t\t\t\t\t\t<img loading=\"lazy\" decoding=\"async\" width=\"960\" height=\"720\" src=\"https:\/\/www.biotyre-europe.com\/wp-content\/uploads\/2024\/10\/wp2194318-tires-wallpapers-1024x768.jpg\" class=\"attachment-large size-large wp-image-826\" alt=\"\" srcset=\"https:\/\/www.biotyre-europe.com\/wp-content\/uploads\/2024\/10\/wp2194318-tires-wallpapers-1024x768.jpg 1024w, https:\/\/www.biotyre-europe.com\/wp-content\/uploads\/2024\/10\/wp2194318-tires-wallpapers-300x225.jpg 300w, https:\/\/www.biotyre-europe.com\/wp-content\/uploads\/2024\/10\/wp2194318-tires-wallpapers-768x576.jpg 768w, https:\/\/www.biotyre-europe.com\/wp-content\/uploads\/2024\/10\/wp2194318-tires-wallpapers-1536x1152.jpg 1536w, https:\/\/www.biotyre-europe.com\/wp-content\/uploads\/2024\/10\/wp2194318-tires-wallpapers.jpg 1600w\" sizes=\"(max-width: 960px) 100vw, 960px\" \/>\t\t\t\t\t\t\t\t\t\t\t\t\t\t\t<\/div>\n\t\t\t\t<\/div>\n\t\t\t\t\t<\/div>\n\t\t<\/div>\n\t\t\t\t\t<\/div>\n\t\t<\/section>\n\t\t\t\t<section class=\"elementor-section elementor-top-section elementor-element elementor-element-c3b8590 elementor-section-height-min-height elementor-section-boxed elementor-section-height-default elementor-section-items-middle wpr-particle-no wpr-jarallax-no wpr-parallax-no wpr-sticky-section-no\" data-id=\"c3b8590\" data-element_type=\"section\" data-e-type=\"section\" data-settings=\"{&quot;background_background&quot;:&quot;classic&quot;}\">\n\t\t\t\t\t\t\t<div class=\"elementor-background-overlay\"><\/div>\n\t\t\t\t\t\t\t<div class=\"elementor-container elementor-column-gap-default\">\n\t\t\t\t\t<div class=\"elementor-column elementor-col-50 elementor-top-column elementor-element elementor-element-fdd7175 elementor-hidden-tablet elementor-hidden-mobile\" data-id=\"fdd7175\" data-element_type=\"column\" data-e-type=\"column\">\n\t\t\t<div class=\"elementor-widget-wrap\">\n\t\t\t\t\t\t\t<\/div>\n\t\t<\/div>\n\t\t\t\t<div class=\"elementor-column elementor-col-50 elementor-top-column elementor-element elementor-element-27a4d51\" data-id=\"27a4d51\" data-element_type=\"column\" data-e-type=\"column\">\n\t\t\t<div class=\"elementor-widget-wrap elementor-element-populated\">\n\t\t\t\t\t\t<div class=\"elementor-element elementor-element-8ce49d5 elementor-widget elementor-widget-heading\" data-id=\"8ce49d5\" data-element_type=\"widget\" data-e-type=\"widget\" data-widget_type=\"heading.default\">\n\t\t\t\t<div class=\"elementor-widget-container\">\n\t\t\t\t\t<h2 class=\"elementor-heading-title elementor-size-default\">Commitment to Quality<\/h2>\t\t\t\t<\/div>\n\t\t\t\t<\/div>\n\t\t\t\t<div class=\"elementor-element elementor-element-e7d9a9c elementor-widget-divider--view-line elementor-widget elementor-widget-divider\" data-id=\"e7d9a9c\" data-element_type=\"widget\" data-e-type=\"widget\" data-widget_type=\"divider.default\">\n\t\t\t\t<div class=\"elementor-widget-container\">\n\t\t\t\t\t\t\t<div class=\"elementor-divider\">\n\t\t\t<span class=\"elementor-divider-separator\">\n\t\t\t\t\t\t<\/span>\n\t\t<\/div>\n\t\t\t\t\t\t<\/div>\n\t\t\t\t<\/div>\n\t\t\t\t<div class=\"elementor-element elementor-element-cd2470f elementor-widget elementor-widget-text-editor\" data-id=\"cd2470f\" data-element_type=\"widget\" data-e-type=\"widget\" data-widget_type=\"text-editor.default\">\n\t\t\t\t<div class=\"elementor-widget-container\">\n\t\t\t\t\t\t\t\t\t<p>At <strong>Biotyre<\/strong>, we adhere to the highest industry standards (CNAE 4531 \u2013 Wholesale trade of motor vehicle spare parts and accessories), ensuring that our products and services comply with current regulations. Our mission is to offer complete solutions for all your tyre requirements, guaranteeing efficiency, durability and safety in each of our products.<\/p>\t\t\t\t\t\t\t\t<\/div>\n\t\t\t\t<\/div>\n\t\t\t\t\t<\/div>\n\t\t<\/div>\n\t\t\t\t\t<\/div>\n\t\t<\/section>\n\t\t\t\t<section class=\"elementor-section elementor-top-section elementor-element elementor-element-c7e5a8d elementor-section-height-min-height elementor-section-boxed elementor-section-height-default elementor-section-items-middle wpr-particle-no wpr-jarallax-no wpr-parallax-no wpr-sticky-section-no\" data-id=\"c7e5a8d\" data-element_type=\"section\" data-e-type=\"section\" data-settings=\"{&quot;background_background&quot;:&quot;classic&quot;}\">\n\t\t\t\t\t\t\t<div class=\"elementor-background-overlay\"><\/div>\n\t\t\t\t\t\t\t<div class=\"elementor-container elementor-column-gap-default\">\n\t\t\t\t\t<div class=\"elementor-column elementor-col-50 elementor-top-column elementor-element elementor-element-165ce9f\" data-id=\"165ce9f\" data-element_type=\"column\" data-e-type=\"column\">\n\t\t\t<div class=\"elementor-widget-wrap elementor-element-populated\">\n\t\t\t\t\t\t<div class=\"elementor-element elementor-element-4363a6f elementor-widget elementor-widget-heading\" data-id=\"4363a6f\" data-element_type=\"widget\" data-e-type=\"widget\" data-widget_type=\"heading.default\">\n\t\t\t\t<div class=\"elementor-widget-container\">\n\t\t\t\t\t<h2 class=\"elementor-heading-title elementor-size-default\">Our Location<\/h2>\t\t\t\t<\/div>\n\t\t\t\t<\/div>\n\t\t\t\t<div class=\"elementor-element elementor-element-4813963 elementor-widget-divider--view-line elementor-widget elementor-widget-divider\" data-id=\"4813963\" data-element_type=\"widget\" data-e-type=\"widget\" data-widget_type=\"divider.default\">\n\t\t\t\t<div class=\"elementor-widget-container\">\n\t\t\t\t\t\t\t<div class=\"elementor-divider\">\n\t\t\t<span class=\"elementor-divider-separator\">\n\t\t\t\t\t\t<\/span>\n\t\t<\/div>\n\t\t\t\t\t\t<\/div>\n\t\t\t\t<\/div>\n\t\t\t\t<div class=\"elementor-element elementor-element-d9fe19a elementor-widget elementor-widget-text-editor\" data-id=\"d9fe19a\" data-element_type=\"widget\" data-e-type=\"widget\" data-widget_type=\"text-editor.default\">\n\t\t\t\t<div class=\"elementor-widget-container\">\n\t\t\t\t\t\t\t\t\t<p><strong>Biotyre<\/strong> is strategically located to offer you easy access to all our products and services. We are located at C\/ Redondillo 8, 23 Moralzarzal, 28 Madrid, which allows us to efficiently serve both local customers and transport and distribution companies.<\/p>\t\t\t\t\t\t\t\t<\/div>\n\t\t\t\t<\/div>\n\t\t\t\t<div class=\"elementor-element elementor-element-38da77a elementor-widget elementor-widget-heading\" data-id=\"38da77a\" data-element_type=\"widget\" data-e-type=\"widget\" data-widget_type=\"heading.default\">\n\t\t\t\t<div class=\"elementor-widget-container\">\n\t\t\t\t\t<h2 class=\"elementor-heading-title elementor-size-default\">Contact<\/h2>\t\t\t\t<\/div>\n\t\t\t\t<\/div>\n\t\t\t\t<div class=\"elementor-element elementor-element-be68117 elementor-widget elementor-widget-text-editor\" data-id=\"be68117\" data-element_type=\"widget\" data-e-type=\"widget\" data-widget_type=\"text-editor.default\">\n\t\t\t\t<div class=\"elementor-widget-container\">\n\t\t\t\t\t\t\t\t\t<p><span data-teams=\"true\"><span class=\"ui-provider a b c d e f g h i j k l m n o p q r s t u v w x y z ab ac ae af ag ah ai aj ak\" dir=\"ltr\">Phone +34 629 017 630<\/span><\/span><\/p>\t\t\t\t\t\t\t\t<\/div>\n\t\t\t\t<\/div>\n\t\t\t\t<div class=\"elementor-element elementor-element-890edd8 elementor-widget-divider--view-line elementor-widget elementor-widget-divider\" data-id=\"890edd8\" data-element_type=\"widget\" data-e-type=\"widget\" data-widget_type=\"divider.default\">\n\t\t\t\t<div class=\"elementor-widget-container\">\n\t\t\t\t\t\t\t<div class=\"elementor-divider\">\n\t\t\t<span class=\"elementor-divider-separator\">\n\t\t\t\t\t\t<\/span>\n\t\t<\/div>\n\t\t\t\t\t\t<\/div>\n\t\t\t\t<\/div>\n\t\t\t\t\t<\/div>\n\t\t<\/div>\n\t\t\t\t<div class=\"elementor-column elementor-col-50 elementor-top-column elementor-element elementor-element-2a08a71 elementor-hidden-tablet elementor-hidden-mobile\" data-id=\"2a08a71\" data-element_type=\"column\" data-e-type=\"column\">\n\t\t\t<div class=\"elementor-widget-wrap elementor-element-populated\">\n\t\t\t\t\t\t<div class=\"elementor-element elementor-element-e4e78ce elementor-widget elementor-widget-google_maps\" data-id=\"e4e78ce\" data-element_type=\"widget\" data-e-type=\"widget\" data-widget_type=\"google_maps.default\">\n\t\t\t\t<div class=\"elementor-widget-container\">\n\t\t\t\t\t\t\t<div class=\"elementor-custom-embed\">\n\t\t\t<iframe loading=\"lazy\"\n\t\t\t\t\tsrc=\"https:\/\/maps.google.com\/maps?q=C%2F%20REDONDILLO%208%20-%2023MORALZARZAL28-MADRID&#038;t=m&#038;z=10&#038;output=embed&#038;iwloc=near\"\n\t\t\t\t\ttitle=\"C\/ Redondillo 8, 23 Moralzarzal, 28 Madrid\"\n\t\t\t\t\taria-label=\"C\/ Redondillo 8, 23 Moralzarzal, 28 Madrid\"\n\t\t\t><\/iframe>\n\t\t<\/div>\n\t\t\t\t\t\t<\/div>\n\t\t\t\t<\/div>\n\t\t\t\t\t<\/div>\n\t\t<\/div>\n\t\t\t\t\t<\/div>\n\t\t<\/section>\n\t\t\t\t<\/div>","protected":false},"excerpt":{"rendered":"<p>Bienvenidos a Biotyre especialista en neum\u00e1ticos y soluciones automotrice Nuestros Servicios En Biotyre, nos dedicamos a ofrecer productos y servicios de la m\u00e1s alta calidad en el \u00e1mbito de los neum\u00e1ticos. Con a\u00f1os de experiencia en la importaci\u00f3n, exportaci\u00f3n, compra y venta de neum\u00e1ticos nuevos y usados, nos hemos convertido en un referente en el sector. Nos especializamos en la distribuci\u00f3n, reparaci\u00f3n, instalaci\u00f3n y montaje de neum\u00e1ticos para todo tipo de veh\u00edculos, asegurando que cada uno de nuestros clientes reciba el mejor producto y servicio adaptado a sus necesidades. Compromiso con la calidad En Biotyre, nos regimos por los m\u00e1s altos est\u00e1ndares de la industria (CNAE 4531 &#8211; Comercio al por mayor de repuestos y accesorios de veh\u00edculos de motor), lo que garantiza que nuestros productos y servicios cumplan con las normativas vigentes. Nuestra misi\u00f3n es ofrecer soluciones completas para todos tus requerimientos de neum\u00e1ticos, garantizando eficiencia, durabilidad y seguridad en cada uno de nuestros productos. Nuestra Ubicaci\u00f3n Biotyre est\u00e1 estrat\u00e9gicamente ubicada para ofrecerte f\u00e1cil acceso a todos nuestros productos y servicios. Nos encontramos en C\/ Redondillo 8, 23 Moralzarzal, 28 Madrid, lo que nos permite atender de manera eficiente tanto a clientes locales como a empresas de transporte y distribuci\u00f3n. Contacto Tel\u00e9fono: +34 629 017 630<\/p>","protected":false},"author":1,"featured_media":0,"parent":0,"menu_order":0,"comment_status":"closed","ping_status":"closed","template":"elementor_canvas","meta":{"footnotes":""},"class_list":["post-12","page","type-page","status-publish","hentry"],"_links":{"self":[{"href":"https:\/\/www.biotyre-europe.com\/en\/wp-json\/wp\/v2\/pages\/12","targetHints":{"allow":["GET"]}}],"collection":[{"href":"https:\/\/www.biotyre-europe.com\/en\/wp-json\/wp\/v2\/pages"}],"about":[{"href":"https:\/\/www.biotyre-europe.com\/en\/wp-json\/wp\/v2\/types\/page"}],"author":[{"embeddable":true,"href":"https:\/\/www.biotyre-europe.com\/en\/wp-json\/wp\/v2\/users\/1"}],"replies":[{"embeddable":true,"href":"https:\/\/www.biotyre-europe.com\/en\/wp-json\/wp\/v2\/comments?post=12"}],"version-history":[{"count":9,"href":"https:\/\/www.biotyre-europe.com\/en\/wp-json\/wp\/v2\/pages\/12\/revisions"}],"predecessor-version":[{"id":856,"href":"https:\/\/www.biotyre-europe.com\/en\/wp-json\/wp\/v2\/pages\/12\/revisions\/856"}],"wp:attachment":[{"href":"https:\/\/www.biotyre-europe.com\/en\/wp-json\/wp\/v2\/media?parent=12"}],"curies":[{"name":"wp","href":"https:\/\/api.w.org\/{rel}","templated":true}]}}